{"id":8,"date":"2015-12-04T23:23:00","date_gmt":"2015-12-04T21:23:00","guid":{"rendered":"http:\/\/rumpf-consult.com\/de\/?page_id=8"},"modified":"2024-01-05T12:16:32","modified_gmt":"2024-01-05T09:16:32","slug":"profil","status":"publish","type":"page","link":"https:\/\/rumpf-consult.com\/de\/profil\/","title":{"rendered":"Profil"},"content":{"rendered":"\t\t<div data-elementor-type=\"wp-page\" data-elementor-id=\"8\" class=\"elementor elementor-8\">\n\t\t\t\t\t\t\t\t\t<section class=\"elementor-section elementor-top-section elementor-element elementor-element-52dd7fcc elementor-section-boxed elementor-section-height-default elementor-section-height-default\" data-id=\"52dd7fcc\" data-element_type=\"section\">\n\t\t\t\t\t\t<div class=\"elementor-container elementor-column-gap-default\">\n\t\t\t\t\t<div class=\"elementor-column elementor-col-100 elementor-top-column elementor-element elementor-element-7e8263ab\" data-id=\"7e8263ab\" data-element_type=\"column\">\n\t\t\t<div class=\"elementor-widget-wrap elementor-element-populated\">\n\t\t\t\t\t\t\t\t<div class=\"elementor-element elementor-element-25b3154e elementor-widget elementor-widget-text-editor\" data-id=\"25b3154e\" data-element_type=\"widget\" data-widget_type=\"text-editor.default\">\n\t\t\t\t<div class=\"elementor-widget-container\">\n\t\t\t<style>\/*! elementor - v3.6.4 - 13-04-2022 *\/\n.elementor-widget-text-editor.elementor-drop-cap-view-stacked .elementor-drop-cap{background-color:#818a91;color:#fff}.elementor-widget-text-editor.elementor-drop-cap-view-framed .elementor-drop-cap{color:#818a91;border:3px solid;background-color:transparent}.elementor-widget-text-editor:not(.elementor-drop-cap-view-default) .elementor-drop-cap{margin-top:8px}.elementor-widget-text-editor:not(.elementor-drop-cap-view-default) .elementor-drop-cap-letter{width:1em;height:1em}.elementor-widget-text-editor .elementor-drop-cap{float:left;text-align:center;line-height:1;font-size:50px}.elementor-widget-text-editor .elementor-drop-cap-letter{display:inline-block}<\/style>\t\t\t\t<p><span style=\"font-family: arial, helvetica, sans-serif;\"><!-- wp:image {\"align\":\"right\",\"id\":208,\"width\":519,\"height\":345} --><\/span><\/p>\n<div class=\"wp-block-image\">\n<figure class=\"alignright is-resized\"><span style=\"font-family: arial, helvetica, sans-serif;\"><img loading=\"lazy\" class=\"wp-image-208\" src=\"https:\/\/rumpf-consult.com\/de\/wp-content\/uploads\/2019\/09\/munich-4415886_1280-1024x683.jpg\" alt=\"\" width=\"519\" height=\"345\" srcset=\"https:\/\/rumpf-consult.com\/de\/wp-content\/uploads\/2019\/09\/munich-4415886_1280-1024x683.jpg 1024w, https:\/\/rumpf-consult.com\/de\/wp-content\/uploads\/2019\/09\/munich-4415886_1280-300x200.jpg 300w, https:\/\/rumpf-consult.com\/de\/wp-content\/uploads\/2019\/09\/munich-4415886_1280-768x512.jpg 768w, https:\/\/rumpf-consult.com\/de\/wp-content\/uploads\/2019\/09\/munich-4415886_1280-600x400.jpg 600w, https:\/\/rumpf-consult.com\/de\/wp-content\/uploads\/2019\/09\/munich-4415886_1280.jpg 1280w\" sizes=\"(max-width: 519px) 100vw, 519px\" \/><\/span><\/figure>\n<\/div>\n<p><span style=\"font-family: arial, helvetica, sans-serif;\"><!-- \/wp:image --><\/span><\/p>\n<p><span style=\"font-size: 14pt; font-family: arial, helvetica, sans-serif;\"><strong>RUMPF CONSULTING<\/strong> \u2013 wir und unser Netzwerk bieten umfassend Unterst\u00fctzung und Beratung in den wesentlichen Belangen einer Marktpr\u00e4senz deutscher und internationaler Unternehmen in der T\u00fcrkei sowie t\u00fcrkischer und internationaler Unternehmen in Deutschland. In Istanbul und Stuttgart beheimatet und unseren Partnern in Hamburg, Berlin und anderen Standorten stellen wir umfangreiche Erfahrung vor allem im deutsch-t\u00fcrkischen Gesch\u00e4ftsverkehr, aber auch mit anderen L\u00e4ndern und Regionen zur Verf\u00fcgung. Wir gr\u00fcnden Unternehmen, \u00fcbernehmen das Controlling, betreuen gewerbliche und private Kunden bei Immobiliengesch\u00e4ften, recherchieren, bilden die Br\u00fccke zu Beh\u00f6rden und Partnern.<\/span><\/p>\n<p><span style=\"font-size: 14pt; font-family: arial, helvetica, sans-serif;\">Strategisches Denken bestimmt unser Handeln.<\/span><\/p>\n<h2><span style=\"font-family: arial, helvetica, sans-serif;\">BROSCH\u00dcREN<\/span><\/h2>\n<ul>\n<li><span style=\"font-family: arial, helvetica, sans-serif;\"><strong><span style=\"font-size: 14pt;\"><a href=\"https:\/\/rumpf-consult.com\/de\/wp-content\/uploads\/2024\/01\/deutsches-kapital-in-der-tuerkei.pdf\">Markteintritt\u00a0<\/a><\/span><\/strong><\/span><\/li>\n<li><a href=\"https:\/\/rumpf-consult.com\/de\/wp-content\/uploads\/2024\/01\/Arbeit_und_Aufenthalt_Tuerkei.pdf\" target=\"_blank\" rel=\"noopener\"><span style=\"font-size: 14pt; font-family: arial, helvetica, sans-serif;\"><strong>Arbeit und Aufenthalt<\/strong><\/span><\/a><\/li>\n<\/ul>\n<p><span style=\"font-size: 14pt; font-family: arial, helvetica, sans-serif;\">Informationen zu Recht und Wirtschaft der T\u00fcrkei auch auf dem Portal <a href=\"http:\/\/www.tuerkei-recht.de\/\" target=\"_blank\" rel=\"noopener noreferrer\">Recht und Wirtschaft der T\u00fcrkei.<\/a><\/span><\/p>\n<p><!-- \/wp:paragraph --><\/p>\t\t\t\t\t\t<\/div>\n\t\t\t\t<\/div>\n\t\t\t\t\t<\/div>\n\t\t<\/div>\n\t\t\t\t\t\t\t<\/div>\n\t\t<\/section>\n\t\t\t\t\t\t\t<\/div>\n\t\t","protected":false},"excerpt":{"rendered":"<p>RUMPF CONSULTING \u2013 wir und unser Netzwerk bieten umfassend Unterst\u00fctzung und Beratung in den wesentlichen Belangen einer Marktpr\u00e4senz deutscher und internationaler Unternehmen in der T\u00fcrkei sowie t\u00fcrkischer und internationaler Unternehmen in Deutschland. In Istanbul und Stuttgart beheimatet und unseren Partnern in Hamburg, Berlin und anderen Standorten stellen wir umfangreiche Erfahrung vor allem im deutsch-t\u00fcrkischen Gesch\u00e4ftsverkehr, [&hellip;]<\/p>\n","protected":false},"author":1,"featured_media":0,"parent":0,"menu_order":0,"comment_status":"closed","ping_status":"closed","template":"","meta":[],"_links":{"self":[{"href":"https:\/\/rumpf-consult.com\/de\/wp-json\/wp\/v2\/pages\/8"}],"collection":[{"href":"https:\/\/rumpf-consult.com\/de\/wp-json\/wp\/v2\/pages"}],"about":[{"href":"https:\/\/rumpf-consult.com\/de\/wp-json\/wp\/v2\/types\/page"}],"author":[{"embeddable":true,"href":"https:\/\/rumpf-consult.com\/de\/wp-json\/wp\/v2\/users\/1"}],"replies":[{"embeddable":true,"href":"https:\/\/rumpf-consult.com\/de\/wp-json\/wp\/v2\/comments?post=8"}],"version-history":[{"count":55,"href":"https:\/\/rumpf-consult.com\/de\/wp-json\/wp\/v2\/pages\/8\/revisions"}],"predecessor-version":[{"id":424,"href":"https:\/\/rumpf-consult.com\/de\/wp-json\/wp\/v2\/pages\/8\/revisions\/424"}],"wp:attachment":[{"href":"https:\/\/rumpf-consult.com\/de\/wp-json\/wp\/v2\/media?parent=8"}],"curies":[{"name":"wp","href":"https:\/\/api.w.org\/{rel}","templated":true}]}}