{"id":53,"date":"2016-01-04T13:38:00","date_gmt":"2016-01-04T11:38:00","guid":{"rendered":"http:\/\/rumpf-consult.com\/de\/?page_id=53"},"modified":"2024-06-25T20:59:42","modified_gmt":"2024-06-25T17:59:42","slug":"team","status":"publish","type":"page","link":"https:\/\/rumpf-consult.com\/de\/team\/","title":{"rendered":"Team"},"content":{"rendered":"\t\t<div data-elementor-type=\"wp-page\" data-elementor-id=\"53\" class=\"elementor elementor-53\">\n\t\t\t\t\t\t\t\t\t<section class=\"elementor-section elementor-top-section elementor-element elementor-element-d715cf8 elementor-section-boxed elementor-section-height-default elementor-section-height-default\" data-id=\"d715cf8\" data-element_type=\"section\">\n\t\t\t\t\t\t<div class=\"elementor-container elementor-column-gap-default\">\n\t\t\t\t\t<div class=\"elementor-column elementor-col-100 elementor-top-column elementor-element elementor-element-62ba987\" data-id=\"62ba987\" data-element_type=\"column\">\n\t\t\t<div class=\"elementor-widget-wrap elementor-element-populated\">\n\t\t\t\t\t\t\t\t<div class=\"elementor-element elementor-element-e7fda4a elementor-tabs-view-horizontal elementor-widget elementor-widget-tabs\" data-id=\"e7fda4a\" data-element_type=\"widget\" data-widget_type=\"tabs.default\">\n\t\t\t\t<div class=\"elementor-widget-container\">\n\t\t\t<style>\/*! elementor - v3.6.4 - 13-04-2022 *\/\n.elementor-widget-tabs.elementor-tabs-view-vertical .elementor-tabs-wrapper{width:25%;-ms-flex-negative:0;flex-shrink:0}.elementor-widget-tabs.elementor-tabs-view-vertical .elementor-tab-desktop-title.elementor-active{border-right-style:none}.elementor-widget-tabs.elementor-tabs-view-vertical .elementor-tab-desktop-title.elementor-active:after,.elementor-widget-tabs.elementor-tabs-view-vertical .elementor-tab-desktop-title.elementor-active:before{height:999em;width:0;right:0;border-right-style:solid}.elementor-widget-tabs.elementor-tabs-view-vertical .elementor-tab-desktop-title.elementor-active:before{top:0;-webkit-transform:translateY(-100%);-ms-transform:translateY(-100%);transform:translateY(-100%)}.elementor-widget-tabs.elementor-tabs-view-vertical .elementor-tab-desktop-title.elementor-active:after{top:100%}.elementor-widget-tabs.elementor-tabs-view-horizontal .elementor-tab-desktop-title{display:table-cell}.elementor-widget-tabs.elementor-tabs-view-horizontal .elementor-tab-desktop-title.elementor-active{border-bottom-style:none}.elementor-widget-tabs.elementor-tabs-view-horizontal .elementor-tab-desktop-title.elementor-active:after,.elementor-widget-tabs.elementor-tabs-view-horizontal .elementor-tab-desktop-title.elementor-active:before{bottom:0;height:0;width:999em;border-bottom-style:solid}.elementor-widget-tabs.elementor-tabs-view-horizontal .elementor-tab-desktop-title.elementor-active:before{right:100%}.elementor-widget-tabs.elementor-tabs-view-horizontal .elementor-tab-desktop-title.elementor-active:after{left:100%}.elementor-widget-tabs .elementor-tab-content,.elementor-widget-tabs .elementor-tab-title,.elementor-widget-tabs .elementor-tab-title:after,.elementor-widget-tabs .elementor-tab-title:before,.elementor-widget-tabs .elementor-tabs-content-wrapper{border:1px #d4d4d4}.elementor-widget-tabs .elementor-tabs{text-align:left}.elementor-widget-tabs .elementor-tabs-wrapper{overflow:hidden}.elementor-widget-tabs .elementor-tab-title{cursor:pointer;outline:var(--focus-outline,none)}.elementor-widget-tabs .elementor-tab-desktop-title{position:relative;padding:20px 25px;font-weight:700;line-height:1;border:solid transparent}.elementor-widget-tabs .elementor-tab-desktop-title.elementor-active{border-color:#d4d4d4}.elementor-widget-tabs .elementor-tab-desktop-title.elementor-active:after,.elementor-widget-tabs .elementor-tab-desktop-title.elementor-active:before{display:block;content:\"\";position:absolute}.elementor-widget-tabs .elementor-tab-mobile-title{padding:10px;cursor:pointer}.elementor-widget-tabs .elementor-tab-content{padding:20px;display:none}@media (max-width:767px){.elementor-tabs .elementor-tab-content,.elementor-tabs .elementor-tab-title{border-style:solid solid none}.elementor-tabs .elementor-tabs-wrapper{display:none}.elementor-tabs .elementor-tabs-content-wrapper{border-bottom-style:solid}.elementor-tabs .elementor-tab-content{padding:10px}}@media (min-width:768px){.elementor-widget-tabs.elementor-tabs-view-vertical .elementor-tabs{display:-webkit-box;display:-ms-flexbox;display:flex}.elementor-widget-tabs.elementor-tabs-view-vertical .elementor-tabs-wrapper{-webkit-box-orient:vertical;-webkit-box-direction:normal;-ms-flex-direction:column;flex-direction:column}.elementor-widget-tabs.elementor-tabs-view-vertical .elementor-tabs-content-wrapper{-webkit-box-flex:1;-ms-flex-positive:1;flex-grow:1;border-style:solid solid solid none}.elementor-widget-tabs.elementor-tabs-view-horizontal .elementor-tab-content{border-style:none solid solid}.elementor-widget-tabs.elementor-tabs-alignment-center .elementor-tabs-wrapper,.elementor-widget-tabs.elementor-tabs-alignment-end .elementor-tabs-wrapper,.elementor-widget-tabs.elementor-tabs-alignment-stretch .elementor-tabs-wrapper{display:-webkit-box;display:-ms-flexbox;display:flex}.elementor-widget-tabs.elementor-tabs-alignment-center .elementor-tabs-wrapper{-webkit-box-pack:center;-ms-flex-pack:center;justify-content:center}.elementor-widget-tabs.elementor-tabs-alignment-end .elementor-tabs-wrapper{-webkit-box-pack:end;-ms-flex-pack:end;justify-content:flex-end}.elementor-widget-tabs.elementor-tabs-alignment-stretch.elementor-tabs-view-horizontal .elementor-tab-title{width:100%}.elementor-widget-tabs.elementor-tabs-alignment-stretch.elementor-tabs-view-vertical .elementor-tab-title{height:100%}.elementor-tabs .elementor-tab-mobile-title{display:none}}<\/style>\t\t<div class=\"elementor-tabs\">\n\t\t\t<div class=\"elementor-tabs-wrapper\" role=\"tablist\" >\n\t\t\t\t\t\t\t\t\t<div id=\"elementor-tab-title-2431\" class=\"elementor-tab-title elementor-tab-desktop-title\" aria-selected=\"true\" data-tab=\"1\" role=\"tab\" tabindex=\"0\" aria-controls=\"elementor-tab-content-2431\" aria-expanded=\"false\">Prof. Dr. Christian Rumpf<\/div>\n\t\t\t\t\t\t\t\t\t<div id=\"elementor-tab-title-2432\" class=\"elementor-tab-title elementor-tab-desktop-title\" aria-selected=\"false\" data-tab=\"2\" role=\"tab\" tabindex=\"-1\" aria-controls=\"elementor-tab-content-2432\" aria-expanded=\"false\">Duygu Polat \u00d6zkan<\/div>\n\t\t\t\t\t\t\t\t\t<div id=\"elementor-tab-title-2433\" class=\"elementor-tab-title elementor-tab-desktop-title\" aria-selected=\"false\" data-tab=\"3\" role=\"tab\" tabindex=\"-1\" aria-controls=\"elementor-tab-content-2433\" aria-expanded=\"false\">\u015einasi M\u00fcld\u00fcr<\/div>\n\t\t\t\t\t\t\t<\/div>\n\t\t\t<div class=\"elementor-tabs-content-wrapper\" role=\"tablist\" aria-orientation=\"vertical\">\n\t\t\t\t\t\t\t\t\t<div class=\"elementor-tab-title elementor-tab-mobile-title\" aria-selected=\"true\" data-tab=\"1\" role=\"tab\" tabindex=\"0\" aria-controls=\"elementor-tab-content-2431\" aria-expanded=\"false\">Prof. Dr. Christian Rumpf<\/div>\n\t\t\t\t\t<div id=\"elementor-tab-content-2431\" class=\"elementor-tab-content elementor-clearfix\" data-tab=\"1\" role=\"tabpanel\" aria-labelledby=\"elementor-tab-title-2431\" tabindex=\"0\" hidden=\"false\"><p><img loading=\"lazy\" class=\"alignnone  wp-image-185\" src=\"https:\/\/rumpf-consult.com\/de\/wp-content\/uploads\/2019\/09\/prof-dr-christian-rumpf_sbp-239x300.jpg\" alt=\"\" width=\"160\" height=\"201\" srcset=\"https:\/\/rumpf-consult.com\/de\/wp-content\/uploads\/2019\/09\/prof-dr-christian-rumpf_sbp-239x300.jpg 239w, https:\/\/rumpf-consult.com\/de\/wp-content\/uploads\/2019\/09\/prof-dr-christian-rumpf_sbp.jpg 313w\" sizes=\"(max-width: 160px) 100vw, 160px\" \/><\/p><\/div>\n\t\t\t\t\t\t\t\t\t<div class=\"elementor-tab-title elementor-tab-mobile-title\" aria-selected=\"false\" data-tab=\"2\" role=\"tab\" tabindex=\"-1\" aria-controls=\"elementor-tab-content-2432\" aria-expanded=\"false\">Duygu Polat \u00d6zkan<\/div>\n\t\t\t\t\t<div id=\"elementor-tab-content-2432\" class=\"elementor-tab-content elementor-clearfix\" data-tab=\"2\" role=\"tabpanel\" aria-labelledby=\"elementor-tab-title-2432\" tabindex=\"0\" hidden=\"hidden\"><p><img loading=\"lazy\" class=\"alignnone  wp-image-61\" src=\"https:\/\/rumpf-consult.com\/de\/wp-content\/uploads\/2016\/01\/Duygu_Polat02-300x296.jpg\" alt=\"\" width=\"160\" height=\"158\" srcset=\"https:\/\/rumpf-consult.com\/de\/wp-content\/uploads\/2016\/01\/Duygu_Polat02-300x296.jpg 300w, https:\/\/rumpf-consult.com\/de\/wp-content\/uploads\/2016\/01\/Duygu_Polat02-768x757.jpg 768w, https:\/\/rumpf-consult.com\/de\/wp-content\/uploads\/2016\/01\/Duygu_Polat02-600x591.jpg 600w, https:\/\/rumpf-consult.com\/de\/wp-content\/uploads\/2016\/01\/Duygu_Polat02.jpg 829w\" sizes=\"(max-width: 160px) 100vw, 160px\" \/><\/p><\/div>\n\t\t\t\t\t\t\t\t\t<div class=\"elementor-tab-title elementor-tab-mobile-title\" aria-selected=\"false\" data-tab=\"3\" role=\"tab\" tabindex=\"-1\" aria-controls=\"elementor-tab-content-2433\" aria-expanded=\"false\">\u015einasi M\u00fcld\u00fcr<\/div>\n\t\t\t\t\t<div id=\"elementor-tab-content-2433\" class=\"elementor-tab-content elementor-clearfix\" data-tab=\"3\" role=\"tabpanel\" aria-labelledby=\"elementor-tab-title-2433\" tabindex=\"0\" hidden=\"hidden\"><p><img loading=\"lazy\" class=\"alignnone  wp-image-81\" src=\"https:\/\/rumpf-consult.com\/de\/wp-content\/uploads\/2016\/01\/smnew-300x296.jpg\" alt=\"\" width=\"160\" height=\"158\" \/><\/p><\/div>\n\t\t\t\t\t\t\t<\/div>\n\t\t<\/div>\n\t\t\t\t<\/div>\n\t\t\t\t<\/div>\n\t\t\t\t\t<\/div>\n\t\t<\/div>\n\t\t\t\t\t\t\t<\/div>\n\t\t<\/section>\n\t\t\t\t\t\t\t<\/div>\n\t\t","protected":false},"excerpt":{"rendered":"<p>Prof. Dr. Christian Rumpf Duygu Polat \u00d6zkan \u015einasi M\u00fcld\u00fcr Prof. Dr. Christian Rumpf Duygu Polat \u00d6zkan \u015einasi M\u00fcld\u00fcr<\/p>\n","protected":false},"author":1,"featured_media":0,"parent":0,"menu_order":0,"comment_status":"closed","ping_status":"closed","template":"","meta":[],"_links":{"self":[{"href":"https:\/\/rumpf-consult.com\/de\/wp-json\/wp\/v2\/pages\/53"}],"collection":[{"href":"https:\/\/rumpf-consult.com\/de\/wp-json\/wp\/v2\/pages"}],"about":[{"href":"https:\/\/rumpf-consult.com\/de\/wp-json\/wp\/v2\/types\/page"}],"author":[{"embeddable":true,"href":"https:\/\/rumpf-consult.com\/de\/wp-json\/wp\/v2\/users\/1"}],"replies":[{"embeddable":true,"href":"https:\/\/rumpf-consult.com\/de\/wp-json\/wp\/v2\/comments?post=53"}],"version-history":[{"count":32,"href":"https:\/\/rumpf-consult.com\/de\/wp-json\/wp\/v2\/pages\/53\/revisions"}],"predecessor-version":[{"id":463,"href":"https:\/\/rumpf-consult.com\/de\/wp-json\/wp\/v2\/pages\/53\/revisions\/463"}],"wp:attachment":[{"href":"https:\/\/rumpf-consult.com\/de\/wp-json\/wp\/v2\/media?parent=53"}],"curies":[{"name":"wp","href":"https:\/\/api.w.org\/{rel}","templated":true}]}}