{"id":43,"date":"2015-12-05T23:22:06","date_gmt":"2015-12-05T21:22:06","guid":{"rendered":"http:\/\/rumpf-consult.com\/de\/?page_id=43"},"modified":"2023-01-11T14:06:00","modified_gmt":"2023-01-11T11:06:00","slug":"marken-und-patente","status":"publish","type":"page","link":"https:\/\/rumpf-consult.com\/de\/marken-und-patente\/","title":{"rendered":"Marken und Patente"},"content":{"rendered":"\n<div class=\"wp-block-image\"><figure class=\"alignright is-resized\"><img loading=\"lazy\" src=\"https:\/\/rumpf-consult.com\/de\/wp-content\/uploads\/2019\/09\/munich-798652_1280-1024x575.jpg\" alt=\"\" class=\"wp-image-247\" width=\"421\" height=\"236\" srcset=\"https:\/\/rumpf-consult.com\/de\/wp-content\/uploads\/2019\/09\/munich-798652_1280-1024x575.jpg 1024w, https:\/\/rumpf-consult.com\/de\/wp-content\/uploads\/2019\/09\/munich-798652_1280-300x169.jpg 300w, https:\/\/rumpf-consult.com\/de\/wp-content\/uploads\/2019\/09\/munich-798652_1280-768x431.jpg 768w, https:\/\/rumpf-consult.com\/de\/wp-content\/uploads\/2019\/09\/munich-798652_1280-600x337.jpg 600w, https:\/\/rumpf-consult.com\/de\/wp-content\/uploads\/2019\/09\/munich-798652_1280.jpg 1280w\" sizes=\"(max-width: 421px) 100vw, 421px\" \/><\/figure><\/div>\n\n\n<div class=\"paragraph\">\n<p><span style=\"font-size: 14pt;\">Der Wettbewerb in der T\u00fcrkei und im deutsch-t\u00fcrkischen Gesch\u00e4ftsverkehr wird ma\u00dfgeblich \u00fcber die richtige Unternehmenspolitik im Hinblick auf den Schutz von Marken und Patenten gepr\u00e4gt. Geistige Schutzrechte geh\u00f6ren daher zu den wichtigsten Assets eines Unternehmens, die man gegen\u00fcber seinen Gesch\u00e4ftspartnern nicht leichtfertig verspielen sollte. Wir \u00fcbernehmen f\u00fcr Sie die Beobachtung der Entwicklungen im den Registern des t\u00fcrkischen Patentamts und k\u00fcmmern uns um die Anmeldung aller Arten von Schutzrechten.<\/span><\/p>\n<\/div>\n<h2><a name=\"451742a22b0f34c03\"><\/a>BROSCH\u00dcRE<\/h2>\n<div class=\"paragraph\">\n<ul>\n<li><span style=\"font-size: 14pt;\"><strong><a title=\"\" href=\"http:\/\/www.tuerkei-recht.de\/downloads\/Marken_und_Patente_Tuerkei.pdf\" target=\"_blank\" rel=\"noopener noreferrer\">Marken und Patente<\/a> [437 KB]<\/strong><\/span><\/li>\n<\/ul>\n<\/div>","protected":false},"excerpt":{"rendered":"<p>Der Wettbewerb in der T\u00fcrkei und im deutsch-t\u00fcrkischen Gesch\u00e4ftsverkehr wird ma\u00dfgeblich \u00fcber die richtige Unternehmenspolitik im Hinblick auf den Schutz von Marken und Patenten gepr\u00e4gt. Geistige Schutzrechte geh\u00f6ren daher zu den wichtigsten Assets eines Unternehmens, die man gegen\u00fcber seinen Gesch\u00e4ftspartnern nicht leichtfertig verspielen sollte. Wir \u00fcbernehmen f\u00fcr Sie die Beobachtung der Entwicklungen im den Registern [&hellip;]<\/p>\n","protected":false},"author":1,"featured_media":0,"parent":0,"menu_order":0,"comment_status":"closed","ping_status":"closed","template":"","meta":[],"_links":{"self":[{"href":"https:\/\/rumpf-consult.com\/de\/wp-json\/wp\/v2\/pages\/43"}],"collection":[{"href":"https:\/\/rumpf-consult.com\/de\/wp-json\/wp\/v2\/pages"}],"about":[{"href":"https:\/\/rumpf-consult.com\/de\/wp-json\/wp\/v2\/types\/page"}],"author":[{"embeddable":true,"href":"https:\/\/rumpf-consult.com\/de\/wp-json\/wp\/v2\/users\/1"}],"replies":[{"embeddable":true,"href":"https:\/\/rumpf-consult.com\/de\/wp-json\/wp\/v2\/comments?post=43"}],"version-history":[{"count":7,"href":"https:\/\/rumpf-consult.com\/de\/wp-json\/wp\/v2\/pages\/43\/revisions"}],"predecessor-version":[{"id":360,"href":"https:\/\/rumpf-consult.com\/de\/wp-json\/wp\/v2\/pages\/43\/revisions\/360"}],"wp:attachment":[{"href":"https:\/\/rumpf-consult.com\/de\/wp-json\/wp\/v2\/media?parent=43"}],"curies":[{"name":"wp","href":"https:\/\/api.w.org\/{rel}","templated":true}]}}