{"id":41,"date":"2015-12-05T23:21:39","date_gmt":"2015-12-05T21:21:39","guid":{"rendered":"http:\/\/rumpf-consult.com\/de\/?page_id=41"},"modified":"2023-01-11T14:03:54","modified_gmt":"2023-01-11T11:03:54","slug":"real-estate","status":"publish","type":"page","link":"https:\/\/rumpf-consult.com\/de\/real-estate\/","title":{"rendered":"Immobilien"},"content":{"rendered":"\n<div class=\"wp-block-image\"><figure class=\"alignleft is-resized\"><img loading=\"lazy\" src=\"https:\/\/rumpf-consult.com\/de\/wp-content\/uploads\/2019\/09\/galata-4043037-1024x683.jpg\" alt=\"\" class=\"wp-image-190\" width=\"476\" height=\"316\" srcset=\"https:\/\/rumpf-consult.com\/de\/wp-content\/uploads\/2019\/09\/galata-4043037-1024x683.jpg 1024w, https:\/\/rumpf-consult.com\/de\/wp-content\/uploads\/2019\/09\/galata-4043037-300x200.jpg 300w, https:\/\/rumpf-consult.com\/de\/wp-content\/uploads\/2019\/09\/galata-4043037-768x512.jpg 768w, https:\/\/rumpf-consult.com\/de\/wp-content\/uploads\/2019\/09\/galata-4043037-600x400.jpg 600w\" sizes=\"(max-width: 476px) 100vw, 476px\" \/><\/figure><\/div>\n\n\n<div class=\"paragraph\">\n<p><span style=\"font-size: 14pt;\">Rumpf Consulting unterst\u00fctzt in- und ausl\u00e4ndische Kunden beim Kauf und Verkauf von Wohn- und Gewerbeimmobilien aller Gr\u00f6\u00dfen. Unser Ziel ist Ihre Sicherheit. Denn unsere jahrelange Praxis hat gezeigt, wie gef\u00e4hrlich schlechte oder gar keine Beratung beim Immobilienerwerb in der T\u00fcrkei sein kann.\u00a0 <\/span><\/p>\n<p><span style=\"font-size: 18pt;\"><strong>BROSCH\u00dcRE <\/strong><\/span><\/p>\n<p><strong style=\"font-size: 14pt; color: initial;\"><a href=\"http:\/\/www.tuerkei-recht.de\/downloads\/Immobilienrecht_Tuerkei.pdf\" target=\"_blank\" rel=\"noopener noreferrer\">Immobilienerwerb in der T\u00fcrkei<\/a><\/strong><\/p>\n<\/div>","protected":false},"excerpt":{"rendered":"<p>Rumpf Consulting unterst\u00fctzt in- und ausl\u00e4ndische Kunden beim Kauf und Verkauf von Wohn- und Gewerbeimmobilien aller Gr\u00f6\u00dfen. Unser Ziel ist Ihre Sicherheit. Denn unsere jahrelange Praxis hat gezeigt, wie gef\u00e4hrlich schlechte oder gar keine Beratung beim Immobilienerwerb in der T\u00fcrkei sein kann.\u00a0 BROSCH\u00dcRE Immobilienerwerb in der T\u00fcrkei<\/p>\n","protected":false},"author":1,"featured_media":0,"parent":0,"menu_order":0,"comment_status":"closed","ping_status":"closed","template":"","meta":[],"_links":{"self":[{"href":"https:\/\/rumpf-consult.com\/de\/wp-json\/wp\/v2\/pages\/41"}],"collection":[{"href":"https:\/\/rumpf-consult.com\/de\/wp-json\/wp\/v2\/pages"}],"about":[{"href":"https:\/\/rumpf-consult.com\/de\/wp-json\/wp\/v2\/types\/page"}],"author":[{"embeddable":true,"href":"https:\/\/rumpf-consult.com\/de\/wp-json\/wp\/v2\/users\/1"}],"replies":[{"embeddable":true,"href":"https:\/\/rumpf-consult.com\/de\/wp-json\/wp\/v2\/comments?post=41"}],"version-history":[{"count":13,"href":"https:\/\/rumpf-consult.com\/de\/wp-json\/wp\/v2\/pages\/41\/revisions"}],"predecessor-version":[{"id":357,"href":"https:\/\/rumpf-consult.com\/de\/wp-json\/wp\/v2\/pages\/41\/revisions\/357"}],"wp:attachment":[{"href":"https:\/\/rumpf-consult.com\/de\/wp-json\/wp\/v2\/media?parent=41"}],"curies":[{"name":"wp","href":"https:\/\/api.w.org\/{rel}","templated":true}]}}