{"id":4,"date":"2015-11-18T17:27:56","date_gmt":"2015-11-18T15:27:56","guid":{"rendered":"http:\/\/rumpf-consult.com\/de\/?page_id=4"},"modified":"2024-01-04T22:32:28","modified_gmt":"2024-01-04T19:32:28","slug":"rumpf-consulting","status":"publish","type":"page","link":"https:\/\/rumpf-consult.com\/de\/","title":{"rendered":"Rumpf Consulting"},"content":{"rendered":"<p class=\"x_MsoNormal\"><span style=\"font-family: arial, helvetica, sans-serif;\">RUMPF CONSULTING wird 20!<\/span><\/p>\n<p class=\"x_MsoNormal\"><span style=\"font-family: arial, helvetica, sans-serif;\">RUMPF CONSULTING ist eine international ausgerichtete Unternehmensberatung mit Sitz in Istanbul. Und seit mehr als 30 Jahren steht der Name RUMPF f\u00fcr die herausragende Spezialisierung auf die deutsch-t\u00fcrkischen Rechts- und Wirtschaftsbeziehungen. RUMPF CONSULTING betreut Kunden vom Markteinstieg bis zur \u00dcbernahme von F\u00fchrungsaufgaben. Zu den Kunden von RUMPF CONSULTING geh\u00f6ren europ\u00e4ische mittelst\u00e4ndische Unternehmen und Gro\u00dfunternehmen aus den wichtigsten Sektoren wie Anlagenbau und Energie, Automobil, Banken, Immobilien, Textil, Tourismus und Versicherungen.<\/span><\/p>\n","protected":false},"excerpt":{"rendered":"<p>RUMPF CONSULTING wird 20! RUMPF CONSULTING ist eine international ausgerichtete Unternehmensberatung mit Sitz in Istanbul. Und seit mehr als 30 Jahren steht der Name RUMPF f\u00fcr die herausragende Spezialisierung auf die deutsch-t\u00fcrkischen Rechts- und Wirtschaftsbeziehungen. RUMPF CONSULTING betreut Kunden vom Markteinstieg bis zur \u00dcbernahme von F\u00fchrungsaufgaben. Zu den Kunden von RUMPF CONSULTING geh\u00f6ren europ\u00e4ische mittelst\u00e4ndische [&hellip;]<\/p>\n","protected":false},"author":1,"featured_media":0,"parent":0,"menu_order":0,"comment_status":"closed","ping_status":"closed","template":"","meta":[],"_links":{"self":[{"href":"https:\/\/rumpf-consult.com\/de\/wp-json\/wp\/v2\/pages\/4"}],"collection":[{"href":"https:\/\/rumpf-consult.com\/de\/wp-json\/wp\/v2\/pages"}],"about":[{"href":"https:\/\/rumpf-consult.com\/de\/wp-json\/wp\/v2\/types\/page"}],"author":[{"embeddable":true,"href":"https:\/\/rumpf-consult.com\/de\/wp-json\/wp\/v2\/users\/1"}],"replies":[{"embeddable":true,"href":"https:\/\/rumpf-consult.com\/de\/wp-json\/wp\/v2\/comments?post=4"}],"version-history":[{"count":7,"href":"https:\/\/rumpf-consult.com\/de\/wp-json\/wp\/v2\/pages\/4\/revisions"}],"predecessor-version":[{"id":402,"href":"https:\/\/rumpf-consult.com\/de\/wp-json\/wp\/v2\/pages\/4\/revisions\/402"}],"wp:attachment":[{"href":"https:\/\/rumpf-consult.com\/de\/wp-json\/wp\/v2\/media?parent=4"}],"curies":[{"name":"wp","href":"https:\/\/api.w.org\/{rel}","templated":true}]}}