{"id":39,"date":"2015-12-05T23:21:01","date_gmt":"2015-12-05T21:21:01","guid":{"rendered":"http:\/\/rumpf-consult.com\/de\/?page_id=39"},"modified":"2023-01-11T14:01:41","modified_gmt":"2023-01-11T11:01:41","slug":"human-resources","status":"publish","type":"page","link":"https:\/\/rumpf-consult.com\/de\/human-resources\/","title":{"rendered":"Arbeit und Aufenthalt"},"content":{"rendered":"\n<div class=\"wp-block-image is-style-rounded\"><figure class=\"alignleft is-resized\"><img loading=\"lazy\" src=\"https:\/\/rumpf-consult.com\/de\/wp-content\/uploads\/2019\/09\/tie-690084_1280-1024x683.jpg\" alt=\"\" class=\"wp-image-242\" width=\"324\" height=\"216\" srcset=\"https:\/\/rumpf-consult.com\/de\/wp-content\/uploads\/2019\/09\/tie-690084_1280-1024x683.jpg 1024w, https:\/\/rumpf-consult.com\/de\/wp-content\/uploads\/2019\/09\/tie-690084_1280-300x200.jpg 300w, https:\/\/rumpf-consult.com\/de\/wp-content\/uploads\/2019\/09\/tie-690084_1280-768x512.jpg 768w, https:\/\/rumpf-consult.com\/de\/wp-content\/uploads\/2019\/09\/tie-690084_1280-600x400.jpg 600w, https:\/\/rumpf-consult.com\/de\/wp-content\/uploads\/2019\/09\/tie-690084_1280.jpg 1280w\" sizes=\"(max-width: 324px) 100vw, 324px\" \/><\/figure><\/div>\n\n\n<div class=\"paragraph\">\n<p><span style=\"font-size: 14pt;\">Rumpf Consulting unterst\u00fctzt ihre Kunden bei der Suche nach geeigneten Kr\u00e4ften f\u00fcr das Unternehmen am t\u00fcrkischen Arbeitsmarkt. Von der Stellenanzeige bis zum Vertragsschluss. F\u00fcr ausl\u00e4ndische Arbeitnehmer beschaffen wir die erforderliche Aufenthaltserlaubnis.<\/span><\/p>\n<\/div>\n<h2><a name=\"451742a22b0f34801\"><\/a>BROSCH\u00dcRE<\/h2>\n<div class=\"paragraph\">\n<ul>\n<li><strong><span style=\"font-size: 14pt;\"><a href=\"http:\/\/www.tuerkei-recht.de\/downloads\/Arbeit_und_Aufenthalt_Tuerkei.pdf\" target=\"_blank\" rel=\"noopener noreferrer\">Arbeit und Aufenthalt<\/a><\/span><\/strong><\/li>\n<\/ul>\n<\/div>","protected":false},"excerpt":{"rendered":"<p>Rumpf Consulting unterst\u00fctzt ihre Kunden bei der Suche nach geeigneten Kr\u00e4ften f\u00fcr das Unternehmen am t\u00fcrkischen Arbeitsmarkt. Von der Stellenanzeige bis zum Vertragsschluss. F\u00fcr ausl\u00e4ndische Arbeitnehmer beschaffen wir die erforderliche Aufenthaltserlaubnis. BROSCH\u00dcRE Arbeit und Aufenthalt<\/p>\n","protected":false},"author":1,"featured_media":0,"parent":0,"menu_order":0,"comment_status":"closed","ping_status":"closed","template":"","meta":[],"_links":{"self":[{"href":"https:\/\/rumpf-consult.com\/de\/wp-json\/wp\/v2\/pages\/39"}],"collection":[{"href":"https:\/\/rumpf-consult.com\/de\/wp-json\/wp\/v2\/pages"}],"about":[{"href":"https:\/\/rumpf-consult.com\/de\/wp-json\/wp\/v2\/types\/page"}],"author":[{"embeddable":true,"href":"https:\/\/rumpf-consult.com\/de\/wp-json\/wp\/v2\/users\/1"}],"replies":[{"embeddable":true,"href":"https:\/\/rumpf-consult.com\/de\/wp-json\/wp\/v2\/comments?post=39"}],"version-history":[{"count":10,"href":"https:\/\/rumpf-consult.com\/de\/wp-json\/wp\/v2\/pages\/39\/revisions"}],"predecessor-version":[{"id":350,"href":"https:\/\/rumpf-consult.com\/de\/wp-json\/wp\/v2\/pages\/39\/revisions\/350"}],"wp:attachment":[{"href":"https:\/\/rumpf-consult.com\/de\/wp-json\/wp\/v2\/media?parent=39"}],"curies":[{"name":"wp","href":"https:\/\/api.w.org\/{rel}","templated":true}]}}