{"id":35,"date":"2015-12-05T23:20:06","date_gmt":"2015-12-05T21:20:06","guid":{"rendered":"http:\/\/rumpf-consult.com\/de\/?page_id=35"},"modified":"2024-01-04T22:47:32","modified_gmt":"2024-01-04T19:47:32","slug":"unternehmensgruendung","status":"publish","type":"page","link":"https:\/\/rumpf-consult.com\/de\/unternehmensgruendung\/","title":{"rendered":"Unternehmensgr\u00fcndung"},"content":{"rendered":"\t\t<div data-elementor-type=\"wp-page\" data-elementor-id=\"35\" class=\"elementor elementor-35\">\n\t\t\t\t\t\t\t\t\t<section class=\"elementor-section elementor-top-section elementor-element elementor-element-981698c elementor-section-boxed elementor-section-height-default elementor-section-height-default\" data-id=\"981698c\" data-element_type=\"section\">\n\t\t\t\t\t\t<div class=\"elementor-container elementor-column-gap-default\">\n\t\t\t\t\t<div class=\"elementor-column elementor-col-100 elementor-top-column elementor-element elementor-element-6aa79cef\" data-id=\"6aa79cef\" data-element_type=\"column\">\n\t\t\t<div class=\"elementor-widget-wrap elementor-element-populated\">\n\t\t\t\t\t\t\t\t<div class=\"elementor-element elementor-element-558e5820 elementor-widget elementor-widget-text-editor\" data-id=\"558e5820\" data-element_type=\"widget\" data-widget_type=\"text-editor.default\">\n\t\t\t\t<div class=\"elementor-widget-container\">\n\t\t\t<style>\/*! elementor - v3.6.4 - 13-04-2022 *\/\n.elementor-widget-text-editor.elementor-drop-cap-view-stacked .elementor-drop-cap{background-color:#818a91;color:#fff}.elementor-widget-text-editor.elementor-drop-cap-view-framed .elementor-drop-cap{color:#818a91;border:3px solid;background-color:transparent}.elementor-widget-text-editor:not(.elementor-drop-cap-view-default) .elementor-drop-cap{margin-top:8px}.elementor-widget-text-editor:not(.elementor-drop-cap-view-default) .elementor-drop-cap-letter{width:1em;height:1em}.elementor-widget-text-editor .elementor-drop-cap{float:left;text-align:center;line-height:1;font-size:50px}.elementor-widget-text-editor .elementor-drop-cap-letter{display:inline-block}<\/style>\t\t\t\t<!-- wp:media-text {\"mediaId\":214,\"mediaType\":\"image\",\"mediaWidth\":44} -->\n<div class=\"wp-block-media-text alignwide is-stacked-on-mobile\" style=\"grid-template-columns: 44% auto;\">\n<figure class=\"wp-block-media-text__media\"><img loading=\"lazy\" width=\"480\" height=\"300\" class=\"wp-image-214 size-full\" src=\"https:\/\/rumpf-consult.com\/de\/wp-content\/uploads\/2019\/09\/4.jpg\" alt=\"\" srcset=\"https:\/\/rumpf-consult.com\/de\/wp-content\/uploads\/2019\/09\/4.jpg 480w, https:\/\/rumpf-consult.com\/de\/wp-content\/uploads\/2019\/09\/4-300x188.jpg 300w\" sizes=\"(max-width: 480px) 100vw, 480px\" \/><\/figure>\n<div class=\"wp-block-media-text__content\"><!-- wp:paragraph {\"placeholder\":\"\u0130\u00e7erik \u2026\",\"style\":{\"typography\":{\"fontSize\":\"22px\"}}} -->\n<p style=\"font-size: 22px;\">Sie wissen, was Sie wollen. Wir sagen Ihnen, in welcher Form Sie den t\u00fcrkischen Markt sicher und mit Erfolg betreten. Wir erledigen f\u00fcr Sie die Formalit\u00e4ten &#8211; kompetent und z\u00fcgig:<\/p>\n<!-- \/wp:paragraph --><\/div>\n<\/div>\n<!-- \/wp:media-text -->\n<div class=\"paragraph\">\u00a0<\/div>\n<h2><a name=\"3370149daf0ec1b04\"><\/a>VERBINDUNGSB\u00dcRO<\/h2>\n<div class=\"paragraph\">\n<p><span style=\"font-size: 14pt;\">Die Variante f\u00fcr Unternehmen, die ihre Waren in die T\u00fcrkei liefern und dort bewerben oder ihre Lieferanten direkt vor Ort kontrollieren oder unterst\u00fctzen wollen.<\/span><\/p>\n<p><span style=\"font-size: 14pt;\"><a href=\"https:\/\/rumpf-consult.com\/de\/wp-content\/uploads\/2023\/01\/Verbindungsbuero_Tuerkei.pdf\" target=\"_blank\" rel=\"noopener noreferrer\"><span style=\"font-size: 14pt;\">Verbindungsb\u00fcro <\/span><span style=\"font-size: 12pt;\"><span style=\"font-size: 14pt;\">[812 KB<\/span>]<\/span><\/a><\/span><\/p>\n<p>\u00a0<\/p>\n<\/div>\n<h2><a name=\"3370149daf0ec3905\"><\/a>NIEDERLASSUNG (FILIALE)<\/h2>\n<div class=\"paragraph\">\n<p><span style=\"font-size: 14pt;\">Die Alternative f\u00fcr Unternehmen, die keine eigene Firma gr\u00fcnden, aber vor Ort mit Produktion oder Dienstleistungen aktiv werden wollen.<\/span><\/p>\n<\/div>\n<div class=\"paragraph\">\u00a0<\/div>\n<h2><a name=\"3370149daf0ec4f06\"><\/a>KAPITALGESELLSCHAFT<\/h2>\n<div class=\"paragraph\">\n<p><span style=\"font-size: 14pt;\">Die rechtlich und steuerlich sichere Investition f\u00fcr das Unternehmen, das im t\u00fcrkischen Markt Fu\u00df fassen will.<\/span><\/p>\n<p>\u00a0<\/p>\n<\/div>\n<h2><a name=\"451742a2280bb7b01\"><\/a>BROSCH\u00dcRE<\/h2>\n<div class=\"paragraph\">\n<p><span style=\"font-size: 14pt;\">Lesen Sie dazu unsere Informationsbrosch\u00fcre.<\/span><\/p>\n<\/div>\n<p><span style=\"font-size: 14pt;\"><strong><a title=\"\" href=\"https:\/\/rumpf-consult.com\/de\/wp-content\/uploads\/2020\/09\/Gesellschaftsrecht_Tuerkei.pdf\" target=\"_blank\" rel=\"noopener noreferrer\">Gesellschaftsgr\u00fcndung<\/a> [390 KB]<\/strong><\/span><\/p>\t\t\t\t\t\t<\/div>\n\t\t\t\t<\/div>\n\t\t\t\t\t<\/div>\n\t\t<\/div>\n\t\t\t\t\t\t\t<\/div>\n\t\t<\/section>\n\t\t\t\t\t\t\t<\/div>\n\t\t","protected":false},"excerpt":{"rendered":"<p>Sie wissen, was Sie wollen. Wir sagen Ihnen, in welcher Form Sie den t\u00fcrkischen Markt sicher und mit Erfolg betreten. Wir erledigen f\u00fcr Sie die Formalit\u00e4ten &#8211; kompetent und z\u00fcgig: \u00a0 VERBINDUNGSB\u00dcRO Die Variante f\u00fcr Unternehmen, die ihre Waren in die T\u00fcrkei liefern und dort bewerben oder ihre Lieferanten direkt vor Ort kontrollieren oder unterst\u00fctzen [&hellip;]<\/p>\n","protected":false},"author":1,"featured_media":0,"parent":0,"menu_order":0,"comment_status":"closed","ping_status":"closed","template":"","meta":[],"_links":{"self":[{"href":"https:\/\/rumpf-consult.com\/de\/wp-json\/wp\/v2\/pages\/35"}],"collection":[{"href":"https:\/\/rumpf-consult.com\/de\/wp-json\/wp\/v2\/pages"}],"about":[{"href":"https:\/\/rumpf-consult.com\/de\/wp-json\/wp\/v2\/types\/page"}],"author":[{"embeddable":true,"href":"https:\/\/rumpf-consult.com\/de\/wp-json\/wp\/v2\/users\/1"}],"replies":[{"embeddable":true,"href":"https:\/\/rumpf-consult.com\/de\/wp-json\/wp\/v2\/comments?post=35"}],"version-history":[{"count":32,"href":"https:\/\/rumpf-consult.com\/de\/wp-json\/wp\/v2\/pages\/35\/revisions"}],"predecessor-version":[{"id":421,"href":"https:\/\/rumpf-consult.com\/de\/wp-json\/wp\/v2\/pages\/35\/revisions\/421"}],"wp:attachment":[{"href":"https:\/\/rumpf-consult.com\/de\/wp-json\/wp\/v2\/media?parent=35"}],"curies":[{"name":"wp","href":"https:\/\/api.w.org\/{rel}","templated":true}]}}