{"id":33,"date":"2015-12-05T23:19:22","date_gmt":"2015-12-05T21:19:22","guid":{"rendered":"http:\/\/rumpf-consult.com\/de\/?page_id=33"},"modified":"2023-01-11T14:09:27","modified_gmt":"2023-01-11T11:09:27","slug":"hosting","status":"publish","type":"page","link":"https:\/\/rumpf-consult.com\/de\/hosting\/","title":{"rendered":"Hosting"},"content":{"rendered":"\n<div class=\"wp-block-image is-style-default\"><figure class=\"alignright is-resized\"><img loading=\"lazy\" src=\"https:\/\/rumpf-consult.com\/de\/wp-content\/uploads\/2019\/09\/skyscraper-3306092_1280-1024x682.jpg\" alt=\"\" class=\"wp-image-234\" width=\"446\" height=\"297\" srcset=\"https:\/\/rumpf-consult.com\/de\/wp-content\/uploads\/2019\/09\/skyscraper-3306092_1280-1024x682.jpg 1024w, https:\/\/rumpf-consult.com\/de\/wp-content\/uploads\/2019\/09\/skyscraper-3306092_1280-300x200.jpg 300w, https:\/\/rumpf-consult.com\/de\/wp-content\/uploads\/2019\/09\/skyscraper-3306092_1280-768x512.jpg 768w, https:\/\/rumpf-consult.com\/de\/wp-content\/uploads\/2019\/09\/skyscraper-3306092_1280-600x400.jpg 600w, https:\/\/rumpf-consult.com\/de\/wp-content\/uploads\/2019\/09\/skyscraper-3306092_1280.jpg 1280w\" sizes=\"(max-width: 446px) 100vw, 446px\" \/><\/figure><\/div>\n\n\n<div class=\"paragraph\">\n<p><span style=\"font-size: 14pt;\">Jedes neu gegr\u00fcndete Unternehmen in der T\u00fcrkei muss den Nachweis f\u00fchren, dass es \u00fcber funktionst\u00fcchtigen B\u00fcroraum verf\u00fcgt. F\u00fcr Neueinsteiger bieten wir alles, was Sie zur F\u00fchrung eines guten B\u00fcros ben\u00f6tigen. Wir bieten Ihnen vor\u00fcbergehend oder auf Dauer eine Heimat in unserem Hause oder organisieren f\u00fcr Sie die neue Bleibe. <\/span><\/p>\n<p><span style=\"font-size: 18pt;\"><strong>BROSCH\u00dcREN<\/strong><\/span><\/p>\n<ul>\n<li><span style=\"font-size: 14pt;\"><strong><a title=\"\" href=\"http:\/\/rumpf-consult.com\/downloads\/gesellschaftsgruendung.pdf\">Gesellschaftsgr\u00fcndung<\/a> [2.172 KB]<\/strong><\/span><\/li>\n<li><span style=\"font-size: 14pt;\"><strong><a title=\"\" href=\"http:\/\/rumpf-consult.com\/downloads\/steuern_kurz.pdf\">Steuern<\/a> [655 KB]<\/strong><\/span><\/li>\n<\/ul>\n<p>\u00a0<\/p>\n<\/div>","protected":false},"excerpt":{"rendered":"<p>Jedes neu gegr\u00fcndete Unternehmen in der T\u00fcrkei muss den Nachweis f\u00fchren, dass es \u00fcber funktionst\u00fcchtigen B\u00fcroraum verf\u00fcgt. F\u00fcr Neueinsteiger bieten wir alles, was Sie zur F\u00fchrung eines guten B\u00fcros ben\u00f6tigen. Wir bieten Ihnen vor\u00fcbergehend oder auf Dauer eine Heimat in unserem Hause oder organisieren f\u00fcr Sie die neue Bleibe. BROSCH\u00dcREN Gesellschaftsgr\u00fcndung [2.172 KB] Steuern [655 [&hellip;]<\/p>\n","protected":false},"author":1,"featured_media":0,"parent":0,"menu_order":0,"comment_status":"closed","ping_status":"closed","template":"","meta":[],"_links":{"self":[{"href":"https:\/\/rumpf-consult.com\/de\/wp-json\/wp\/v2\/pages\/33"}],"collection":[{"href":"https:\/\/rumpf-consult.com\/de\/wp-json\/wp\/v2\/pages"}],"about":[{"href":"https:\/\/rumpf-consult.com\/de\/wp-json\/wp\/v2\/types\/page"}],"author":[{"embeddable":true,"href":"https:\/\/rumpf-consult.com\/de\/wp-json\/wp\/v2\/users\/1"}],"replies":[{"embeddable":true,"href":"https:\/\/rumpf-consult.com\/de\/wp-json\/wp\/v2\/comments?post=33"}],"version-history":[{"count":14,"href":"https:\/\/rumpf-consult.com\/de\/wp-json\/wp\/v2\/pages\/33\/revisions"}],"predecessor-version":[{"id":364,"href":"https:\/\/rumpf-consult.com\/de\/wp-json\/wp\/v2\/pages\/33\/revisions\/364"}],"wp:attachment":[{"href":"https:\/\/rumpf-consult.com\/de\/wp-json\/wp\/v2\/media?parent=33"}],"curies":[{"name":"wp","href":"https:\/\/api.w.org\/{rel}","templated":true}]}}