{"id":24,"date":"2015-12-05T22:46:21","date_gmt":"2015-12-05T20:46:21","guid":{"rendered":"http:\/\/rumpf-consult.com\/de\/?page_id=24"},"modified":"2023-01-12T13:27:12","modified_gmt":"2023-01-12T10:27:12","slug":"geschaeftsfelder","status":"publish","type":"page","link":"https:\/\/rumpf-consult.com\/de\/geschaeftsfelder\/","title":{"rendered":"Gesch\u00e4ftsfeld"},"content":{"rendered":"\n<div class=\"wp-block-image\"><figure class=\"alignleft is-resized\"><img loading=\"lazy\" src=\"https:\/\/rumpf-consult.com\/de\/wp-content\/uploads\/2019\/09\/rome-2614952_1280-1024x682.jpg\" alt=\"\" class=\"wp-image-201\" width=\"452\" height=\"301\" srcset=\"https:\/\/rumpf-consult.com\/de\/wp-content\/uploads\/2019\/09\/rome-2614952_1280-1024x682.jpg 1024w, https:\/\/rumpf-consult.com\/de\/wp-content\/uploads\/2019\/09\/rome-2614952_1280-300x200.jpg 300w, https:\/\/rumpf-consult.com\/de\/wp-content\/uploads\/2019\/09\/rome-2614952_1280-768x512.jpg 768w, https:\/\/rumpf-consult.com\/de\/wp-content\/uploads\/2019\/09\/rome-2614952_1280-600x400.jpg 600w, https:\/\/rumpf-consult.com\/de\/wp-content\/uploads\/2019\/09\/rome-2614952_1280.jpg 1280w\" sizes=\"(max-width: 452px) 100vw, 452px\" \/><\/figure><\/div>\n\n\n<p><span style=\"font-size: 14pt;\">Der Einstieg in den t\u00fcrkischen Markt ist eine Herausforderung. Sie ben\u00f6tigen belastbare Informationen \u00fcber die Situation vor Ort, zugeschnitten auf Ihre Branche und Ihr Unternehmen. Widmen Sie sich den sch\u00f6nsten Seiten der T\u00fcrkei und ihrer Menschen. Wir erledigen als Ihr starker Partner den Rest.<\/span><\/p>","protected":false},"excerpt":{"rendered":"<p>Der Einstieg in den t\u00fcrkischen Markt ist eine Herausforderung. Sie ben\u00f6tigen belastbare Informationen \u00fcber die Situation vor Ort, zugeschnitten auf Ihre Branche und Ihr Unternehmen. Widmen Sie sich den sch\u00f6nsten Seiten der T\u00fcrkei und ihrer Menschen. Wir erledigen als Ihr starker Partner den Rest.<\/p>\n","protected":false},"author":1,"featured_media":0,"parent":0,"menu_order":0,"comment_status":"closed","ping_status":"closed","template":"","meta":[],"_links":{"self":[{"href":"https:\/\/rumpf-consult.com\/de\/wp-json\/wp\/v2\/pages\/24"}],"collection":[{"href":"https:\/\/rumpf-consult.com\/de\/wp-json\/wp\/v2\/pages"}],"about":[{"href":"https:\/\/rumpf-consult.com\/de\/wp-json\/wp\/v2\/types\/page"}],"author":[{"embeddable":true,"href":"https:\/\/rumpf-consult.com\/de\/wp-json\/wp\/v2\/users\/1"}],"replies":[{"embeddable":true,"href":"https:\/\/rumpf-consult.com\/de\/wp-json\/wp\/v2\/comments?post=24"}],"version-history":[{"count":4,"href":"https:\/\/rumpf-consult.com\/de\/wp-json\/wp\/v2\/pages\/24\/revisions"}],"predecessor-version":[{"id":370,"href":"https:\/\/rumpf-consult.com\/de\/wp-json\/wp\/v2\/pages\/24\/revisions\/370"}],"wp:attachment":[{"href":"https:\/\/rumpf-consult.com\/de\/wp-json\/wp\/v2\/media?parent=24"}],"curies":[{"name":"wp","href":"https:\/\/api.w.org\/{rel}","templated":true}]}}