{"id":22,"date":"2015-12-05T22:40:55","date_gmt":"2015-12-05T20:40:55","guid":{"rendered":"http:\/\/rumpf-consult.com\/de\/?page_id=22"},"modified":"2017-04-07T15:34:39","modified_gmt":"2017-04-07T12:34:39","slug":"impressum","status":"publish","type":"page","link":"https:\/\/rumpf-consult.com\/de\/impressum\/","title":{"rendered":"Impressum"},"content":{"rendered":"<h2>\n\tRUMPF CONSULTING DANISMANLIK HIZMETLERI LTD. STI.<br \/>\n<\/h2>\n<div class=\"paragraph\">\n<p>\n\t\tRUMPF CONSULTING<br \/>\n\t\tDan\u0131\u015fmanl\u0131k Hizmetleri Ltd. \u015eti.<br \/>\n\t\tMeclis-i Mebusan Cad. Molla Bay\u0131r\u0131 Sok. Karun &Ccedil;\u0131kmaz\u0131 No.1 D.10<br \/>\n\t\t34427 Kabata\u015f-Beyo\u011flu\/Istanbul\n\t<\/p>\n<p>\n\t\tFon +90 212 243 76 30<br \/>\n\t\tFax +90 212 243 76 35<br \/>\n\t\tinfo@rumpf-consult.com\n\t<\/p>\n<p>\n\t\tDie Gesellschaft ist eine GmbH t&uuml;rkischen Rechts, eingetragen in Istanbul.<br \/>\n\t\tGesch&auml;ftsf&uuml;hrer: Prof. Dr. Christian Rumpf\n\t<\/p>\n<p>\n\t\tFoto: &copy; yusuf anil akduygu, istockphoto\n\t<\/p>\n<p>\n\t\tHinweis: RUMPF Consulting steht Ihnen leider nicht zu den in der T&uuml;rkei geltenden gesetzlichen Feiertagen zur Verf&uuml;gung.\n\t<\/p>\n<\/div>\n<h2>\n\t<a name=\"3370149da108df114\"><\/a>HAFTUNGSAUSSCHLUSS<br \/>\n<\/h2>\n<div class=\"paragraph\">\n<p>\n\t\tF&uuml;r die Richtigkeit der Inhalte dieses Webauftritts wird keine Haftung &uuml;bernommen. Soweit &uuml;ber diese Seiten auf andere Webseiten verwiesen wird, wird eine Haftung f&uuml;r die Inhalte solcher Seiten nicht &uuml;bernommen. Wir bitten die Besucher unserer Seite, uns ggf. auf gesetz- oder sittenwidrige Inhalte unserer Seiten oder solcher Seiten, auf welche unsere Seiten verweisen, hinzuweisen.<br \/>\n\t\tUnser Unternehmen bietet keine Rechtsberatung an.\n\t<\/p>\n<\/div>\n","protected":false},"excerpt":{"rendered":"<p>RUMPF CONSULTING DANISMANLIK HIZMETLERI LTD. STI. RUMPF CONSULTING Dan\u0131\u015fmanl\u0131k Hizmetleri Ltd. \u015eti. Meclis-i Mebusan Cad. Molla Bay\u0131r\u0131 Sok. Karun &Ccedil;\u0131kmaz\u0131 No.1 D.10 34427 Kabata\u015f-Beyo\u011flu\/Istanbul Fon +90 212 243 76 30 Fax +90 212 243 76 35 info@rumpf-consult.com Die Gesellschaft ist eine GmbH t&uuml;rkischen Rechts, eingetragen in Istanbul. Gesch&auml;ftsf&uuml;hrer: Prof. Dr. Christian Rumpf Foto: &copy; yusuf [&hellip;]<\/p>\n","protected":false},"author":1,"featured_media":0,"parent":0,"menu_order":0,"comment_status":"closed","ping_status":"closed","template":"","meta":[],"_links":{"self":[{"href":"https:\/\/rumpf-consult.com\/de\/wp-json\/wp\/v2\/pages\/22"}],"collection":[{"href":"https:\/\/rumpf-consult.com\/de\/wp-json\/wp\/v2\/pages"}],"about":[{"href":"https:\/\/rumpf-consult.com\/de\/wp-json\/wp\/v2\/types\/page"}],"author":[{"embeddable":true,"href":"https:\/\/rumpf-consult.com\/de\/wp-json\/wp\/v2\/users\/1"}],"replies":[{"embeddable":true,"href":"https:\/\/rumpf-consult.com\/de\/wp-json\/wp\/v2\/comments?post=22"}],"version-history":[{"count":2,"href":"https:\/\/rumpf-consult.com\/de\/wp-json\/wp\/v2\/pages\/22\/revisions"}],"predecessor-version":[{"id":90,"href":"https:\/\/rumpf-consult.com\/de\/wp-json\/wp\/v2\/pages\/22\/revisions\/90"}],"wp:attachment":[{"href":"https:\/\/rumpf-consult.com\/de\/wp-json\/wp\/v2\/media?parent=22"}],"curies":[{"name":"wp","href":"https:\/\/api.w.org\/{rel}","templated":true}]}}