{"id":12,"date":"2015-12-04T23:34:04","date_gmt":"2015-12-04T21:34:04","guid":{"rendered":"http:\/\/rumpf-consult.com\/de\/?page_id=12"},"modified":"2023-01-12T13:28:12","modified_gmt":"2023-01-12T10:28:12","slug":"kontakt","status":"publish","type":"page","link":"https:\/\/rumpf-consult.com\/de\/kontakt\/","title":{"rendered":"Kontakt"},"content":{"rendered":"<p><span style=\"font-size: 14pt;\"><b>RUMPF CONSULTING<br \/>\nDan\u0131\u015fmanl\u0131k Hizmetleri Ltd. \u015eti.<\/b><\/span><br \/>\n<span style=\"font-size: 14pt;\">Meclis-i Mebusan Cad. Molla Bay\u0131r\u0131 Sok. Karun \u00c7\u0131kmaz\u0131 No.1 D.10<\/span><br \/>\n<span style=\"font-size: 14pt;\">34427 Kabata\u015f-Beyo\u011flu\/Istanbul<\/span><br \/>\n<span style=\"font-size: 14pt;\">Tel \u00a0+90 212 243 76 30<\/span><br \/>\n<span style=\"font-size: 14pt;\">Fax +90 212 243 76 35<\/span><br \/>\n<span style=\"font-size: 14pt;\"><a title=\"\" href=\"mailto:info@rumpf-consult.com\" target=\"_blank\" rel=\"noopener\">info@rumpf-consult.com<\/a><\/span><\/p>\n<p><span style=\"font-size: 14pt;\">Koordinate : \u00a041.032811, 28.989851<\/span><\/p>\n<p><span style=\"font-size: 14pt;\"><strong>Rumpf Consulting Verbindungs B\u00fcro<\/strong><\/span><br \/>\n<span style=\"font-size: 14pt;\">Lenzhalde 68, D-70192<\/span><br \/>\n<span style=\"font-size: 14pt;\">Stuttgart-Almanya<\/span><br \/>\n<span style=\"font-size: 14pt;\">Fon. +49 711 997 977 24<\/span><br \/>\n<span style=\"font-size: 14pt;\">Fax. +49 711 997 977 20<\/span><\/p>\n<p><span style=\"font-size: 14pt;\"><strong><a href=\"http:\/\/rumpf-consult.com\/iletisim-formu\/\">Kontakt Form<\/a><\/strong><\/span><\/p>\n<p><iframe loading=\"lazy\" style=\"border: 0;\" src=\"https:\/\/www.google.com\/maps\/embed?pb=!1m18!1m12!1m3!1d7158.052608508582!2d28.98770721039244!3d41.03421657700162!2m3!1f0!2f0!3f0!3m2!1i1024!2i768!4f13.1!3m3!1m2!1s0x14cab77c9b612ffb%3A0x42db32b51ce10959!2sRumpf+Consulting+Dan%C4%B1%C5%9Fmanl%C4%B1k+Hizmetleri+Ltd.%C5%9Eti.!5e0!3m2!1str!2s!4v1445502443517\" width=\"800\" height=\"450\" frameborder=\"0\" allowfullscreen=\"allowfullscreen\"><\/iframe><\/p>\n","protected":false},"excerpt":{"rendered":"<p>RUMPF CONSULTING Dan\u0131\u015fmanl\u0131k Hizmetleri Ltd. \u015eti. Meclis-i Mebusan Cad. Molla Bay\u0131r\u0131 Sok. Karun \u00c7\u0131kmaz\u0131 No.1 D.10 34427 Kabata\u015f-Beyo\u011flu\/Istanbul Tel \u00a0+90 212 243 76 30 Fax +90 212 243 76 35 info@rumpf-consult.com Koordinate : \u00a041.032811, 28.989851 Rumpf Consulting Verbindungs B\u00fcro Lenzhalde 68, D-70192 Stuttgart-Almanya Fon. +49 711 997 977 24 Fax. +49 711 997 977 20 [&hellip;]<\/p>\n","protected":false},"author":1,"featured_media":0,"parent":0,"menu_order":0,"comment_status":"closed","ping_status":"closed","template":"","meta":[],"_links":{"self":[{"href":"https:\/\/rumpf-consult.com\/de\/wp-json\/wp\/v2\/pages\/12"}],"collection":[{"href":"https:\/\/rumpf-consult.com\/de\/wp-json\/wp\/v2\/pages"}],"about":[{"href":"https:\/\/rumpf-consult.com\/de\/wp-json\/wp\/v2\/types\/page"}],"author":[{"embeddable":true,"href":"https:\/\/rumpf-consult.com\/de\/wp-json\/wp\/v2\/users\/1"}],"replies":[{"embeddable":true,"href":"https:\/\/rumpf-consult.com\/de\/wp-json\/wp\/v2\/comments?post=12"}],"version-history":[{"count":7,"href":"https:\/\/rumpf-consult.com\/de\/wp-json\/wp\/v2\/pages\/12\/revisions"}],"predecessor-version":[{"id":371,"href":"https:\/\/rumpf-consult.com\/de\/wp-json\/wp\/v2\/pages\/12\/revisions\/371"}],"wp:attachment":[{"href":"https:\/\/rumpf-consult.com\/de\/wp-json\/wp\/v2\/media?parent=12"}],"curies":[{"name":"wp","href":"https:\/\/api.w.org\/{rel}","templated":true}]}}